{"id":33,"date":"2025-10-28T16:53:56","date_gmt":"2025-10-28T16:53:56","guid":{"rendered":"https:\/\/lecercledesaventuriers.fr\/?page_id=33"},"modified":"2025-10-30T16:44:52","modified_gmt":"2025-10-30T16:44:52","slug":"nos-ateliers","status":"publish","type":"page","link":"https:\/\/lecercledesaventuriers.fr\/index.php\/nos-ateliers\/","title":{"rendered":"Nos ateliers"},"content":{"rendered":"\n<div class=\"wp-block-query is-layout-flow wp-block-query-is-layout-flow\"><ul class=\"wp-block-post-template is-layout-flow wp-block-post-template-is-layout-flow\"><li class=\"wp-block-post post-14 post type-post status-publish format-standard has-post-thumbnail hentry category-nos-ateliers\">\n\n<div class=\"wp-block-cover is-light\"><img loading=\"lazy\" decoding=\"async\" width=\"299\" height=\"168\" class=\"wp-block-cover__image-background wp-image-23 size-full\" alt=\"Atelier cuisine\" src=\"http:\/\/lecercledesaventuriers.fr\/wp-content\/uploads\/2025\/10\/barres-proteinees-a6695843-e1760775686234.webp\" data-object-fit=\"cover\"\/><span aria-hidden=\"true\" class=\"wp-block-cover__background has-background-dim\" style=\"background-color:#9d8475\"><\/span><div class=\"wp-block-cover__inner-container is-layout-constrained wp-block-cover-is-layout-constrained\">\n<p class=\"has-text-align-center has-ti-bg-color has-text-color has-link-color has-large-font-size wp-elements-f16719bb8a070b9b21d1f761468cf911\"><a href=\"https:\/\/lecercledesaventuriers.fr\/index.php\/2025\/10\/28\/cuisiner-laventure-avec-antoine-fischer\/\">Cet atelier vous apprend \u00e0 pr\u00e9parer vous-m\u00eame votre n\u00e9cessaire alimentaire. Vous repartirez avec vos propres barres \u00e9nerg\u00e9tiques et sachets lyophilis\u00e9s pr\u00eats \u00e0 l\u2019emploi.<\/a><\/p>\n<\/div><\/div>\n\n\n\n<hr class=\"wp-block-separator has-css-opacity\"\/>\n\n\n<div class=\"wp-block-post-date\"><time datetime=\"2025-10-28T16:16:42+00:00\">28 octobre 2025<\/time><\/div>\n<\/li><\/ul><\/div>\n\n\n\n<div class=\"wp-block-cover\"><img loading=\"lazy\" decoding=\"async\" width=\"300\" height=\"138\" class=\"wp-block-cover__image-background wp-image-20 size-full\" alt=\"kraft pack au bord\" src=\"http:\/\/lecercledesaventuriers.fr\/wp-content\/uploads\/2025\/10\/kraft_pack_au_bord_1080x500.webp\" data-object-fit=\"cover\"\/><span aria-hidden=\"true\" class=\"wp-block-cover__background has-background-dim\" style=\"background-color:#7a7d7b\"><\/span><div class=\"wp-block-cover__inner-container is-layout-constrained wp-block-cover-is-layout-constrained\">\n<p class=\"has-text-align-center has-ti-bg-color has-text-color has-link-color has-large-font-size wp-elements-f06b9bd352dd1aedbcad9eafc39feee3\"><a href=\"https:\/\/lecercledesaventuriers.fr\/index.php\/2025\/10\/28\/atelier-packcraft\/\">Atelier Packraft : d\u00e9couvrez les bases de la pratique en rivi\u00e8re ou en lac. Apprenez \u00e0 g\u00e9rer les transitions randonn\u00e9e\u2013packraft et packraft\u2013randonn\u00e9e, ainsi qu\u2019\u00e0 effectuer les r\u00e9parations essentielles de votre embarcation.<\/a><\/p>\n<\/div><\/div>\n\n\n\n<p><\/p>\n","protected":false},"excerpt":{"rendered":"","protected":false},"author":1,"featured_media":0,"parent":0,"menu_order":0,"comment_status":"closed","ping_status":"closed","template":"","meta":{"footnotes":""},"class_list":["post-33","page","type-page","status-publish","hentry"],"jetpack_sharing_enabled":true,"_links":{"self":[{"href":"https:\/\/lecercledesaventuriers.fr\/index.php\/wp-json\/wp\/v2\/pages\/33","targetHints":{"allow":["GET"]}}],"collection":[{"href":"https:\/\/lecercledesaventuriers.fr\/index.php\/wp-json\/wp\/v2\/pages"}],"about":[{"href":"https:\/\/lecercledesaventuriers.fr\/index.php\/wp-json\/wp\/v2\/types\/page"}],"author":[{"embeddable":true,"href":"https:\/\/lecercledesaventuriers.fr\/index.php\/wp-json\/wp\/v2\/users\/1"}],"replies":[{"embeddable":true,"href":"https:\/\/lecercledesaventuriers.fr\/index.php\/wp-json\/wp\/v2\/comments?post=33"}],"version-history":[{"count":17,"href":"https:\/\/lecercledesaventuriers.fr\/index.php\/wp-json\/wp\/v2\/pages\/33\/revisions"}],"predecessor-version":[{"id":240,"href":"https:\/\/lecercledesaventuriers.fr\/index.php\/wp-json\/wp\/v2\/pages\/33\/revisions\/240"}],"wp:attachment":[{"href":"https:\/\/lecercledesaventuriers.fr\/index.php\/wp-json\/wp\/v2\/media?parent=33"}],"curies":[{"name":"wp","href":"https:\/\/api.w.org\/{rel}","templated":true}]}}