{"id":43,"date":"2025-10-28T16:57:14","date_gmt":"2025-10-28T16:57:14","guid":{"rendered":"https:\/\/lecercledesaventuriers.fr\/?page_id=43"},"modified":"2025-11-25T14:58:17","modified_gmt":"2025-11-25T14:58:17","slug":"qui-sommes-nous","status":"publish","type":"page","link":"https:\/\/lecercledesaventuriers.fr\/index.php\/qui-sommes-nous\/","title":{"rendered":"Qui sommes nous ?"},"content":{"rendered":"\n<p class=\"has-large-font-size\">Bienvenue au Cercle des Aventuriers<\/p>\n\n\n\n<blockquote class=\"wp-block-quote is-layout-flow wp-block-quote-is-layout-flow\">\n<p class=\"has-large-font-size\">\u00ab&nbsp;La vie est soit une aventure audacieuse, soit rien.&nbsp;\u00bb \u2014 Helen Keller.<\/p>\n<\/blockquote>\n\n\n\n<p class=\"has-large-font-size\"><br>Nous sommes un groupe\u00a0<strong>passionn\u00e9 d\u2019aventures<\/strong>\u00a0et d\u2019<strong>exp\u00e9ditions<\/strong>, d\u00e9di\u00e9 au partage d\u2019exp\u00e9riences et \u00e0 la mise en \u0153uvre d&rsquo;atelier et de pr\u00e9paration pour vos futurs projets.<br><br>Que vous soyez int\u00e9ress\u00e9 par la d\u00e9couverte d\u2019activit\u00e9s outdoor locales ou par des exp\u00e9ditions lointaines, notre communaut\u00e9 est l\u00e0 pour vous accompagner et vous inspirer.<\/p>\n\n\n\n<p class=\"has-large-font-size\">Rejoignez-nous pour vivre des aventures inoubliables, apprendre de nouvelles comp\u00e9tences et rencontrer des personnes partageant les m\u00eames passions que vous.<\/p>\n\n\n\n<p class=\"has-large-font-size\">Ensemble, repoussons les limites de l\u2019exploration et cr\u00e9ons des souvenirs durables.<\/p>\n","protected":false},"excerpt":{"rendered":"<p>Bienvenue au Cercle des Aventuriers \u00ab&nbsp;La vie est soit une aventure audacieuse, soit rien.&nbsp;\u00bb \u2014 Helen Keller. Nous sommes un groupe\u00a0passionn\u00e9 d\u2019aventures\u00a0et d\u2019exp\u00e9ditions, d\u00e9di\u00e9 au partage d\u2019exp\u00e9riences et \u00e0 la mise en \u0153uvre d&rsquo;atelier et de pr\u00e9paration pour vos futurs projets. Que vous soyez int\u00e9ress\u00e9 par la d\u00e9couverte d\u2019activit\u00e9s outdoor locales ou par des exp\u00e9ditions [&hellip;]<\/p>\n","protected":false},"author":1,"featured_media":0,"parent":0,"menu_order":0,"comment_status":"closed","ping_status":"closed","template":"","meta":{"footnotes":""},"class_list":["post-43","page","type-page","status-publish","hentry"],"jetpack_sharing_enabled":true,"_links":{"self":[{"href":"https:\/\/lecercledesaventuriers.fr\/index.php\/wp-json\/wp\/v2\/pages\/43","targetHints":{"allow":["GET"]}}],"collection":[{"href":"https:\/\/lecercledesaventuriers.fr\/index.php\/wp-json\/wp\/v2\/pages"}],"about":[{"href":"https:\/\/lecercledesaventuriers.fr\/index.php\/wp-json\/wp\/v2\/types\/page"}],"author":[{"embeddable":true,"href":"https:\/\/lecercledesaventuriers.fr\/index.php\/wp-json\/wp\/v2\/users\/1"}],"replies":[{"embeddable":true,"href":"https:\/\/lecercledesaventuriers.fr\/index.php\/wp-json\/wp\/v2\/comments?post=43"}],"version-history":[{"count":4,"href":"https:\/\/lecercledesaventuriers.fr\/index.php\/wp-json\/wp\/v2\/pages\/43\/revisions"}],"predecessor-version":[{"id":297,"href":"https:\/\/lecercledesaventuriers.fr\/index.php\/wp-json\/wp\/v2\/pages\/43\/revisions\/297"}],"wp:attachment":[{"href":"https:\/\/lecercledesaventuriers.fr\/index.php\/wp-json\/wp\/v2\/media?parent=43"}],"curies":[{"name":"wp","href":"https:\/\/api.w.org\/{rel}","templated":true}]}}